{"id":1764,"date":"2025-08-21T07:42:41","date_gmt":"2025-08-21T07:42:41","guid":{"rendered":"https:\/\/voya-hotel.com\/?page_id=1764"},"modified":"2026-04-15T08:42:59","modified_gmt":"2026-04-15T08:42:59","slug":"home","status":"publish","type":"page","link":"https:\/\/voya-hotel.com\/en\/","title":{"rendered":"Home"},"content":{"rendered":"\t\t<div data-elementor-type=\"wp-page\" data-elementor-id=\"1764\" class=\"elementor elementor-1764\" data-elementor-settings=\"{&quot;scroll_snap&quot;:&quot;yes&quot;}\" data-elementor-post-type=\"page\">\n\t\t\t\t<div class=\"elementor-element elementor-element-0ded07d e-flex e-con-boxed e-con e-parent\" data-id=\"0ded07d\" data-element_type=\"container\" data-e-type=\"container\" data-settings=\"{&quot;background_background&quot;:&quot;slideshow&quot;,&quot;background_slideshow_gallery&quot;:[{&quot;id&quot;:68,&quot;url&quot;:&quot;https:\\\/\\\/voya-hotel.com\\\/wp-content\\\/uploads\\\/2025\\\/06\\\/20250514-Voya-Hotel-049-scaled.jpg&quot;}],&quot;background_slideshow_loop&quot;:&quot;yes&quot;,&quot;background_slideshow_slide_duration&quot;:5000,&quot;background_slideshow_slide_transition&quot;:&quot;fade&quot;,&quot;background_slideshow_transition_duration&quot;:500}\">\n\t\t\t\t\t<div class=\"e-con-inner\">\n\t\t\t\t<div class=\"elementor-element elementor-element-6ac3b93 elementor-widget__width-inherit elementor-widget elementor-widget-heading\" data-id=\"6ac3b93\" data-element_type=\"widget\" data-e-type=\"widget\" data-widget_type=\"heading.default\">\n\t\t\t\t<div class=\"elementor-widget-container\">\n\t\t\t\t\t<h1 class=\"elementor-heading-title elementor-size-default\">Deine entspannte Basis<br>\nf\u00fcr gro\u00dfe Erlebnisse<\/h1>\t\t\t\t<\/div>\n\t\t\t\t<\/div>\n\t\t\t\t\t<\/div>\n\t\t\t\t<\/div>\n\t\t<div class=\"elementor-element elementor-element-cc6a519 slide e-flex e-con-boxed e-con e-parent\" data-id=\"cc6a519\" data-element_type=\"container\" data-e-type=\"container\" data-settings=\"{&quot;background_background&quot;:&quot;classic&quot;}\">\n\t\t\t\t\t<div class=\"e-con-inner\">\n\t\t<div class=\"elementor-element elementor-element-cda5960 e-con-full mobile-snap e-flex e-con e-child\" data-id=\"cda5960\" data-element_type=\"container\" data-e-type=\"container\" data-settings=\"{&quot;background_background&quot;:&quot;slideshow&quot;,&quot;background_slideshow_gallery&quot;:[],&quot;background_slideshow_loop&quot;:&quot;yes&quot;,&quot;background_slideshow_slide_duration&quot;:5000,&quot;background_slideshow_slide_transition&quot;:&quot;fade&quot;,&quot;background_slideshow_transition_duration&quot;:500}\">\n\t\t\t\t<div class=\"elementor-element elementor-element-645c0fa elementor-widget elementor-widget-image\" data-id=\"645c0fa\" data-element_type=\"widget\" data-e-type=\"widget\" data-widget_type=\"image.default\">\n\t\t\t\t<div class=\"elementor-widget-container\">\n\t\t\t\t\t\t\t\t\t\t\t\t\t\t\t<img fetchpriority=\"high\" decoding=\"async\" width=\"2400\" height=\"1600\" src=\"https:\/\/voya-hotel.com\/wp-content\/uploads\/2025\/07\/d6J3gO6OmBYk8A2dhMhc.jpg\" class=\"attachment-full size-full wp-image-594\" alt=\"Ein modernes Hotelzimmer im VOYA Hotel am Europa-Park mit einem Raumteiler, der eine Stadtkarte zeigt, und einem lila Sofa.\" srcset=\"https:\/\/voya-hotel.com\/wp-content\/uploads\/2025\/07\/d6J3gO6OmBYk8A2dhMhc.jpg 2400w, https:\/\/voya-hotel.com\/wp-content\/uploads\/2025\/07\/d6J3gO6OmBYk8A2dhMhc-300x200.jpg 300w, https:\/\/voya-hotel.com\/wp-content\/uploads\/2025\/07\/d6J3gO6OmBYk8A2dhMhc-1024x683.jpg 1024w, https:\/\/voya-hotel.com\/wp-content\/uploads\/2025\/07\/d6J3gO6OmBYk8A2dhMhc-768x512.jpg 768w, https:\/\/voya-hotel.com\/wp-content\/uploads\/2025\/07\/d6J3gO6OmBYk8A2dhMhc-1536x1024.jpg 1536w, https:\/\/voya-hotel.com\/wp-content\/uploads\/2025\/07\/d6J3gO6OmBYk8A2dhMhc-2048x1365.jpg 2048w, https:\/\/voya-hotel.com\/wp-content\/uploads\/2025\/07\/d6J3gO6OmBYk8A2dhMhc-18x12.jpg 18w\" sizes=\"(max-width: 2400px) 100vw, 2400px\" \/>\t\t\t\t\t\t\t\t\t\t\t\t\t\t\t<\/div>\n\t\t\t\t<\/div>\n\t\t\t\t<\/div>\n\t\t<div class=\"elementor-element elementor-element-e5e2bdf e-con-full mobile-snap e-flex e-con e-child\" data-id=\"e5e2bdf\" data-element_type=\"container\" data-e-type=\"container\">\n\t\t\t\t<div class=\"elementor-element elementor-element-0b438fc elementor-widget elementor-widget-heading\" data-id=\"0b438fc\" data-element_type=\"widget\" data-e-type=\"widget\" data-widget_type=\"heading.default\">\n\t\t\t\t<div class=\"elementor-widget-container\">\n\t\t\t\t\t<h2 class=\"elementor-heading-title elementor-size-default\">Ihr Ticket nach Europa? Eine Nacht bei uns.<\/h2>\t\t\t\t<\/div>\n\t\t\t\t<\/div>\n\t\t\t\t<div class=\"elementor-element elementor-element-f319967 elementor-widget elementor-widget-text-editor\" data-id=\"f319967\" data-element_type=\"widget\" data-e-type=\"widget\" data-widget_type=\"text-editor.default\">\n\t\t\t\t<div class=\"elementor-widget-container\">\n\t\t\t\t\t\t\t\t\t<p>Sprachen? Verwischen. Grenzen? Verschwinden. Kulturen? Verschmelzen. Und mittendrin: Das VOYA Hotel, sehr nah am Europa-Park, malerisch eingebettet in die atemberaubende Kulisse des Dreil\u00e4nderecks von Deutschland, Frankreich und der Schweiz \u2013 in einer Erlebnisregion voller Kontraste, Geschichten und M\u00f6glichkeiten.<\/p>\t\t\t\t\t\t\t\t<\/div>\n\t\t\t\t<\/div>\n\t\t\t\t<div class=\"elementor-element elementor-element-e03aecf elementor-widget elementor-widget-button\" data-id=\"e03aecf\" data-element_type=\"widget\" data-e-type=\"widget\" data-widget_type=\"button.default\">\n\t\t\t\t<div class=\"elementor-widget-container\">\n\t\t\t\t\t\t\t\t\t<div class=\"elementor-button-wrapper\">\n\t\t\t\t\t<a class=\"elementor-button elementor-button-link elementor-size-sm\" href=\"https:\/\/voya-hotel.com\/wohnen\/\">\n\t\t\t\t\t\t<span class=\"elementor-button-content-wrapper\">\n\t\t\t\t\t\t\t\t\t<span class=\"elementor-button-text\">Zimmer und Lodges entdecken<\/span>\n\t\t\t\t\t<\/span>\n\t\t\t\t\t<\/a>\n\t\t\t\t<\/div>\n\t\t\t\t\t\t\t\t<\/div>\n\t\t\t\t<\/div>\n\t\t\t\t<\/div>\n\t\t\t\t\t<\/div>\n\t\t\t\t<\/div>\n\t\t<div class=\"elementor-element elementor-element-685abca slide e-flex e-con-boxed e-con e-parent\" data-id=\"685abca\" data-element_type=\"container\" data-e-type=\"container\" data-settings=\"{&quot;background_background&quot;:&quot;classic&quot;}\">\n\t\t\t\t\t<div class=\"e-con-inner\">\n\t\t<div class=\"elementor-element elementor-element-51b2a65 e-con-full mobile-snap e-flex e-con e-child\" data-id=\"51b2a65\" data-element_type=\"container\" data-e-type=\"container\">\n\t\t\t\t<div class=\"elementor-element elementor-element-cc9bfe6 elementor-widget elementor-widget-heading\" data-id=\"cc9bfe6\" data-element_type=\"widget\" data-e-type=\"widget\" data-widget_type=\"heading.default\">\n\t\t\t\t<div class=\"elementor-widget-container\">\n\t\t\t\t\t<h2 class=\"elementor-heading-title elementor-size-default\">Ankommen. Auspacken. Achterbahn.<\/h2>\t\t\t\t<\/div>\n\t\t\t\t<\/div>\n\t\t\t\t<div class=\"elementor-element elementor-element-647c9e0 elementor-widget elementor-widget-text-editor\" data-id=\"647c9e0\" data-element_type=\"widget\" data-e-type=\"widget\" data-widget_type=\"text-editor.default\">\n\t\t\t\t<div class=\"elementor-widget-container\">\n\t\t\t\t\t\t\t\t\t<p>&#8230; denn Europas gr\u00f6\u00dftes Abenteuer liegt nur ein paar Minuten vom VOYA Hotel entfernt. Rasante Achterbahnen, fantasievolle Themenwelten und spektakul\u00e4re Shows warten im Europapark auf Erlebnishungrige, Abenteuerlustige und alle dazwischen. Und das Beste: Sie fr\u00fchst\u00fccken entspannt im VOYA Hotel, schlendern den ganzen Tag durch den Park \u2013 und fallen am Abend gl\u00fccklich zur\u00fcck in Ihr gem\u00fctliches Bett. Gro\u00df tr\u00e4umen, gemeinsam staunen.<\/p>\t\t\t\t\t\t\t\t<\/div>\n\t\t\t\t<\/div>\n\t\t\t\t<div class=\"elementor-element elementor-element-ee92df0 elementor-widget elementor-widget-button\" data-id=\"ee92df0\" data-element_type=\"widget\" data-e-type=\"widget\" data-widget_type=\"button.default\">\n\t\t\t\t<div class=\"elementor-widget-container\">\n\t\t\t\t\t\t\t\t\t<div class=\"elementor-button-wrapper\">\n\t\t\t\t\t<a class=\"elementor-button elementor-button-link elementor-size-sm\" href=\"https:\/\/voya-hotel.com\/europa-park-rulantica\/\">\n\t\t\t\t\t\t<span class=\"elementor-button-content-wrapper\">\n\t\t\t\t\t\t\t\t\t<span class=\"elementor-button-text\">Infos zum nahgelegenen Europa-Park<\/span>\n\t\t\t\t\t<\/span>\n\t\t\t\t\t<\/a>\n\t\t\t\t<\/div>\n\t\t\t\t\t\t\t\t<\/div>\n\t\t\t\t<\/div>\n\t\t\t\t<\/div>\n\t\t<div class=\"elementor-element elementor-element-a1503dc e-con-full mobile-snap e-flex e-con e-child\" data-id=\"a1503dc\" data-element_type=\"container\" data-e-type=\"container\" data-settings=\"{&quot;background_background&quot;:&quot;slideshow&quot;,&quot;background_slideshow_gallery&quot;:[],&quot;background_slideshow_loop&quot;:&quot;yes&quot;,&quot;background_slideshow_slide_duration&quot;:5000,&quot;background_slideshow_slide_transition&quot;:&quot;fade&quot;,&quot;background_slideshow_transition_duration&quot;:500}\">\n\t\t\t\t\t\t\t\t<p class=\"e-a8772b3-927e8c5 e-paragraph-base\" data-interaction-id=\"a8772b3\"  >\n\t\t\t\t\t\t\t\t<strong>\u00a9<\/strong> Europa-Park\n\t\t\t\t\t<\/p>\n\t\t\t\t<div class=\"elementor-element elementor-element-4e07d40 elementor-widget elementor-widget-image\" data-id=\"4e07d40\" data-element_type=\"widget\" data-e-type=\"widget\" data-widget_type=\"image.default\">\n\t\t\t\t<div class=\"elementor-widget-container\">\n\t\t\t\t\t\t\t\t\t\t\t\t\t\t\t<img decoding=\"async\" width=\"2303\" height=\"1535\" src=\"https:\/\/voya-hotel.com\/wp-content\/uploads\/2025\/07\/voltron-nevera-powered-by-rimac.jpg\" class=\"attachment-full size-full wp-image-389\" alt=\"Achterbahn im Europa-Park mit Fahrg\u00e4sten, die an einem sonnigen Tag fahren.\" srcset=\"https:\/\/voya-hotel.com\/wp-content\/uploads\/2025\/07\/voltron-nevera-powered-by-rimac.jpg 2303w, https:\/\/voya-hotel.com\/wp-content\/uploads\/2025\/07\/voltron-nevera-powered-by-rimac-300x200.jpg 300w, https:\/\/voya-hotel.com\/wp-content\/uploads\/2025\/07\/voltron-nevera-powered-by-rimac-1024x683.jpg 1024w, https:\/\/voya-hotel.com\/wp-content\/uploads\/2025\/07\/voltron-nevera-powered-by-rimac-768x512.jpg 768w, https:\/\/voya-hotel.com\/wp-content\/uploads\/2025\/07\/voltron-nevera-powered-by-rimac-1536x1024.jpg 1536w, https:\/\/voya-hotel.com\/wp-content\/uploads\/2025\/07\/voltron-nevera-powered-by-rimac-2048x1365.jpg 2048w, https:\/\/voya-hotel.com\/wp-content\/uploads\/2025\/07\/voltron-nevera-powered-by-rimac-18x12.jpg 18w\" sizes=\"(max-width: 2303px) 100vw, 2303px\" \/>\t\t\t\t\t\t\t\t\t\t\t\t\t\t\t<\/div>\n\t\t\t\t<\/div>\n\t\t\t\t<\/div>\n\t\t\t\t\t<\/div>\n\t\t\t\t<\/div>\n\t\t<div class=\"elementor-element elementor-element-4e64869 slide e-flex e-con-boxed e-con e-parent\" data-id=\"4e64869\" data-element_type=\"container\" data-e-type=\"container\" data-settings=\"{&quot;background_background&quot;:&quot;classic&quot;}\">\n\t\t\t\t\t<div class=\"e-con-inner\">\n\t\t<div class=\"elementor-element elementor-element-11df002 e-con-full mobile-snap e-flex e-con e-child\" data-id=\"11df002\" data-element_type=\"container\" data-e-type=\"container\" data-settings=\"{&quot;background_background&quot;:&quot;slideshow&quot;,&quot;background_slideshow_gallery&quot;:[],&quot;background_slideshow_loop&quot;:&quot;yes&quot;,&quot;background_slideshow_slide_duration&quot;:5000,&quot;background_slideshow_slide_transition&quot;:&quot;fade&quot;,&quot;background_slideshow_transition_duration&quot;:500}\">\n\t\t\t\t<div class=\"elementor-element elementor-element-aad592d elementor-widget elementor-widget-image\" data-id=\"aad592d\" data-element_type=\"widget\" data-e-type=\"widget\" data-widget_type=\"image.default\">\n\t\t\t\t<div class=\"elementor-widget-container\">\n\t\t\t\t\t\t\t\t\t\t\t\t\t\t\t<img decoding=\"async\" width=\"2560\" height=\"1707\" src=\"https:\/\/voya-hotel.com\/wp-content\/uploads\/2025\/06\/20250514-Voya-Hotel-029-scaled.jpg\" class=\"attachment-full size-full wp-image-244\" alt=\"Reihe von schwarzen Hanteln auf einem Gestell in einem Fitnessstudio.\" srcset=\"https:\/\/voya-hotel.com\/wp-content\/uploads\/2025\/06\/20250514-Voya-Hotel-029-scaled.jpg 2560w, https:\/\/voya-hotel.com\/wp-content\/uploads\/2025\/06\/20250514-Voya-Hotel-029-300x200.jpg 300w, https:\/\/voya-hotel.com\/wp-content\/uploads\/2025\/06\/20250514-Voya-Hotel-029-1024x683.jpg 1024w, https:\/\/voya-hotel.com\/wp-content\/uploads\/2025\/06\/20250514-Voya-Hotel-029-768x512.jpg 768w, https:\/\/voya-hotel.com\/wp-content\/uploads\/2025\/06\/20250514-Voya-Hotel-029-1536x1024.jpg 1536w, https:\/\/voya-hotel.com\/wp-content\/uploads\/2025\/06\/20250514-Voya-Hotel-029-2048x1365.jpg 2048w, https:\/\/voya-hotel.com\/wp-content\/uploads\/2025\/06\/20250514-Voya-Hotel-029-18x12.jpg 18w\" sizes=\"(max-width: 2560px) 100vw, 2560px\" \/>\t\t\t\t\t\t\t\t\t\t\t\t\t\t\t<\/div>\n\t\t\t\t<\/div>\n\t\t\t\t<\/div>\n\t\t<div class=\"elementor-element elementor-element-10b99be e-con-full mobile-snap e-flex e-con e-child\" data-id=\"10b99be\" data-element_type=\"container\" data-e-type=\"container\">\n\t\t\t\t<div class=\"elementor-element elementor-element-6c310e0 elementor-widget elementor-widget-heading\" data-id=\"6c310e0\" data-element_type=\"widget\" data-e-type=\"widget\" data-widget_type=\"heading.default\">\n\t\t\t\t<div class=\"elementor-widget-container\">\n\t\t\t\t\t<h2 class=\"elementor-heading-title elementor-size-default\">Bewegung schafft Energie.\nEnergie schafft Erlebnisse.<\/h2>\t\t\t\t<\/div>\n\t\t\t\t<\/div>\n\t\t\t\t<div class=\"elementor-element elementor-element-4a2ffdc elementor-widget elementor-widget-text-editor\" data-id=\"4a2ffdc\" data-element_type=\"widget\" data-e-type=\"widget\" data-widget_type=\"text-editor.default\">\n\t\t\t\t<div class=\"elementor-widget-container\">\n\t\t\t\t\t\t\t\t\t<p>Ob fr\u00fcher Vogel oder Nachteule \u2013 unser Fitnessraum steht Ihnen jederzeit f\u00fcr sportliche Abenteuer offen.<br \/>Ausgestattet mit allem, was Sie f\u00fcr Cardio, Kraft oder Stretching brauchen.<br \/>Klein, fein, funktional \u2013 und immer bereit f\u00fcr Ihr n\u00e4chstes Workout.<\/p><p>Und wenn Sie lieber drau\u00dfen aktiv sind: Direkt vor unserer VOYA-T\u00fcr starten traumhafte Strecken zum Wandern oder Radfahren &#8211; durch Weinberge, Felder und charmante D\u00f6rfer im Herzen des Dreil\u00e4nderecks. K\u00f6rper trainieren, Sinne erleben, Geist abschalten&#8230; Hachz!<\/p>\t\t\t\t\t\t\t\t<\/div>\n\t\t\t\t<\/div>\n\t\t\t\t<div class=\"elementor-element elementor-element-5d2a235 elementor-widget elementor-widget-button\" data-id=\"5d2a235\" data-element_type=\"widget\" data-e-type=\"widget\" data-widget_type=\"button.default\">\n\t\t\t\t<div class=\"elementor-widget-container\">\n\t\t\t\t\t\t\t\t\t<div class=\"elementor-button-wrapper\">\n\t\t\t\t\t<a class=\"elementor-button elementor-button-link elementor-size-sm\" href=\"https:\/\/voya-hotel.com\/das-voya-hotel\/#fitness\">\n\t\t\t\t\t\t<span class=\"elementor-button-content-wrapper\">\n\t\t\t\t\t\t\t\t\t<span class=\"elementor-button-text\">Fitnessangebot<\/span>\n\t\t\t\t\t<\/span>\n\t\t\t\t\t<\/a>\n\t\t\t\t<\/div>\n\t\t\t\t\t\t\t\t<\/div>\n\t\t\t\t<\/div>\n\t\t\t\t<\/div>\n\t\t\t\t\t<\/div>\n\t\t\t\t<\/div>\n\t\t<div class=\"elementor-element elementor-element-977635f slide e-flex e-con-boxed e-con e-parent\" data-id=\"977635f\" data-element_type=\"container\" data-e-type=\"container\" data-settings=\"{&quot;background_background&quot;:&quot;classic&quot;}\">\n\t\t\t\t\t<div class=\"e-con-inner\">\n\t\t<div class=\"elementor-element elementor-element-524f1bf e-con-full mobile-snap map-fill e-flex e-con e-child\" data-id=\"524f1bf\" data-element_type=\"container\" data-e-type=\"container\" data-settings=\"{&quot;background_background&quot;:&quot;slideshow&quot;,&quot;background_slideshow_ken_burns&quot;:&quot;yes&quot;,&quot;background_slideshow_gallery&quot;:[],&quot;background_slideshow_loop&quot;:&quot;yes&quot;,&quot;background_slideshow_slide_duration&quot;:5000,&quot;background_slideshow_slide_transition&quot;:&quot;fade&quot;,&quot;background_slideshow_transition_duration&quot;:500,&quot;background_slideshow_ken_burns_zoom_direction&quot;:&quot;in&quot;}\">\n\t\t\t\t<div class=\"elementor-element elementor-element-451094a elementor-widget__width-inherit elementor-widget elementor-widget-html\" data-id=\"451094a\" data-element_type=\"widget\" data-e-type=\"widget\" data-widget_type=\"html.default\">\n\t\t\t\t<div class=\"elementor-widget-container\">\n\t\t\t\t\t<!-- Mapbox CSS & JS -->\n<link href=\"https:\/\/api.mapbox.com\/mapbox-gl-js\/v2.15.0\/mapbox-gl.css\" rel=\"stylesheet\">\n<script src=\"https:\/\/api.mapbox.com\/mapbox-gl-js\/v2.15.0\/mapbox-gl.js\"><\/script>\n\n<!-- Optional font for popups -->\n<link href=\"https:\/\/fonts.googleapis.com\/css2?family=IM+Fell+English&display=swap\" rel=\"stylesheet\">\n\n<style>\n  \/* Container + map *\/\n  #voya-map-wrap { position: relative; width: 100%; }\n  #voya-map      { width: 100%; height: 100vh; }           \/* desktop\/tablet *\/\n  @media (max-width: 767px){\n    #voya-map { height: 100svh; }                          \/* robust mobile vh *\/\n  }\n\n  \/* Map dots & popups *\/\n  #voya-map .custom-dot{ width:10px; height:10px; background:#3a2b1d; border-radius:50%; box-shadow:0 0 0 2px #f8f5ed; pointer-events:none; }\n  #voya-map .custom-dot.voya{ background:#D43F00; }\n  #voya-map .mapboxgl-popup-content{ font-family:'IM Fell English', serif; font-size:14px; color:#3d2c1c; background:transparent; box-shadow:none; padding:4px 10px; border:none; }\n  #voya-map .mapboxgl-popup-tip{ display:none; }\n  #voya-map .mapboxgl-popup{ box-shadow:none; border-radius:0; }\n\n  \/* ----- Mobile-only: touch guard + mouse icon ----- *\/\n  @media (max-width: 767px){\n    #voya-map-wrap .map-touch-guard{\n      position: absolute;\n      left: 0; right: 0; bottom: 0;\n      height: 40svh;                   \/* bottom 40% non-interactive *\/\n      pointer-events: auto;            \/* block map gestures *\/\n      touch-action: pan-y;             \/* allow vertical scroll *\/\n      background: linear-gradient(to top, rgba(0,0,0,.12), rgba(0,0,0,0)); \/* subtle fade *\/\n      z-index: 2;\n    }\n    #voya-map-wrap .hero-mouse{\n      position: absolute; bottom: 40px; left: 50%;\n      transform: translateX(-50%);\n      text-align: center; z-index: 3;\n      text-decoration: none;\n    }\n    .mouse-icon{\n      width:25px; height:45px; border-radius:15px;\n      border:2px solid #dedede; position:relative;\n      text-align:center; margin:0 auto;\n    }\n    .mouse-icon span{\n      width:3px; height:8px; margin:2px auto 0; display:block;\n      background:#dedede; border-radius:5px;\n      animation: 1.2s ease infinite wheel-up-down;\n    }\n    @keyframes wheel-up-down{\n      0%{ margin-top:2px; opacity:0; }\n      30%{ opacity:1; }\n      100%{ margin-top:20px; opacity:0; }\n    }\n  }\n\n  \/* Hide guard & icon on desktop *\/\n  @media (min-width: 768px){\n    #voya-map-wrap .map-touch-guard,\n    #voya-map-wrap .hero-mouse { display: none !important; }\n  }\n<\/style>\n\n<div id=\"voya-map-wrap\">\n  <div id=\"voya-map\"><\/div>\n\n  <!-- Scroll cue (only visible on mobile) -->\n  <a class=\"hero-mouse anchor\" href=\"#CHANGEME\" aria-label=\"Scroll\">\n    <div class=\"mouse-icon\"><span><\/span><\/div>\n  <\/a>\n\n  <!-- Touch guard (only active on mobile) -->\n  <div class=\"map-touch-guard\" aria-hidden=\"true\"><\/div>\n<\/div>\n\n<script>\n  mapboxgl.accessToken = 'pk.eyJ1Ijoic2ludGVsaW8iLCJhIjoiY21kbW9wcmw2MWdrZTJrcXQ2MzR3bGg4eiJ9.KSmUa-t-2Blr0EgYiwctAQ';\n\n  const map = new mapboxgl.Map({\n    container: 'voya-map',\n    style: 'mapbox:\/\/styles\/sintelio\/cmdmvv11f000801r2bvvfdaqq',\n    center: [7.78, 48.15],\n    zoom: 7.6,\n    attributionControl: false\n  });\n\n  const locations = [\n    { name: \"Voya Hotel\", coords: [7.768214, 48.247738], className: \"voya\", popupAnchor: \"bottom-left\", alwaysShowPopup: true },\n    { name: \"Europa-Park\", coords: [7.7217, 48.2676], popupAnchor: \"bottom-right\", alwaysShowPopup: true }\n  ];\n\n  map.on('load', () => {\n    locations.forEach(loc => {\n      const popup = new mapboxgl.Popup({\n        offset: 10, closeButton: false, closeOnClick: false, anchor: loc.popupAnchor || \"bottom\"\n      }).setText(loc.name);\n\n      const el = document.createElement('div');\n      el.className = 'custom-dot' + (loc.className ? ' ' + loc.className : '');\n\n      new mapboxgl.Marker({ element: el, anchor: 'bottom' })\n        .setLngLat(loc.coords).setOffset([0, 6]).setPopup(popup).addTo(map);\n\n      if (loc.alwaysShowPopup) popup.addTo(map);\n    });\n\n    map.resize(); \/\/ ensure correct sizing\n  });\n\n  \/\/ Safety: resize when visible \/ orientation changes\n  const wrap = document.getElementById('voya-map-wrap');\n  if ('IntersectionObserver' in window && wrap) {\n    const io = new IntersectionObserver(es => es.forEach(e => e.isIntersecting && map.resize()), { threshold: 0.1 });\n    io.observe(wrap);\n  }\n  window.addEventListener('resize', () => map.resize());\n  document.addEventListener('visibilitychange', () => { if (!document.hidden) map.resize(); });\n<\/script>\t\t\t\t<\/div>\n\t\t\t\t<\/div>\n\t\t\t\t<\/div>\n\t\t<div class=\"elementor-element elementor-element-b69a36b e-con-full mobile-snap e-flex e-con e-child\" data-id=\"b69a36b\" data-element_type=\"container\" data-e-type=\"container\">\n\t\t\t\t<div class=\"elementor-element elementor-element-74b935b elementor-widget elementor-widget-heading\" data-id=\"74b935b\" data-element_type=\"widget\" data-e-type=\"widget\" data-widget_type=\"heading.default\">\n\t\t\t\t<div class=\"elementor-widget-container\">\n\t\t\t\t\t<h2 class=\"elementor-heading-title elementor-size-default\">Von Hotelbett auf Achterbahn in 500 Sekunden.<\/h2>\t\t\t\t<\/div>\n\t\t\t\t<\/div>\n\t\t\t\t<div class=\"elementor-element elementor-element-0fded78 elementor-widget elementor-widget-text-editor\" data-id=\"0fded78\" data-element_type=\"widget\" data-e-type=\"widget\" data-widget_type=\"text-editor.default\">\n\t\t\t\t<div class=\"elementor-widget-container\">\n\t\t\t\t\t\t\t\t\t<p>Direkt an der A5, fix erreichbar mit Auto, Bus oder Bahn: Das VOYA Hotel, nur wenige Minuten mit dem Auto vom Europa-Park entfernt, liegt genau dort, wo Entdeckungen beginnen.<\/p><p>Ob als Zwischenstopp auf dem Weg nach S\u00fcden, als Ausgangspunkt f\u00fcr Touren nach Freiburg, in den Schwarzwald oder ins Elsass oder perfekte Base f\u00fcr Abenteuer im nahgelegenen Europapark:\u00a0 Drei L\u00e4nder. Ein Ziel. VOYA.<\/p>\t\t\t\t\t\t\t\t<\/div>\n\t\t\t\t<\/div>\n\t\t\t\t<div class=\"elementor-element elementor-element-b3692b7 elementor-widget elementor-widget-button\" data-id=\"b3692b7\" data-element_type=\"widget\" data-e-type=\"widget\" data-widget_type=\"button.default\">\n\t\t\t\t<div class=\"elementor-widget-container\">\n\t\t\t\t\t\t\t\t\t<div class=\"elementor-button-wrapper\">\n\t\t\t\t\t<a class=\"elementor-button elementor-button-link elementor-size-sm\" href=\"https:\/\/maps.app.goo.gl\/9sd8MtayCp3eVuDM7\" target=\"_blank\" rel=\"noopener\">\n\t\t\t\t\t\t<span class=\"elementor-button-content-wrapper\">\n\t\t\t\t\t\t\t\t\t<span class=\"elementor-button-text\">Route berechnen<\/span>\n\t\t\t\t\t<\/span>\n\t\t\t\t\t<\/a>\n\t\t\t\t<\/div>\n\t\t\t\t\t\t\t\t<\/div>\n\t\t\t\t<\/div>\n\t\t\t\t<\/div>\n\t\t\t\t\t<\/div>\n\t\t\t\t<\/div>\n\t\t\t\t<\/div>\n\t\t","protected":false},"excerpt":{"rendered":"<p>Deine entspannte Basis f\u00fcr gro\u00dfe Erlebnisse Ihr Ticket nach Europa? Eine Nacht bei uns. Sprachen? Verwischen. Grenzen? Verschwinden. Kulturen? Verschmelzen. Und mittendrin: Das VOYA Hotel, sehr nah am Europa-Park, malerisch eingebettet in die atemberaubende Kulisse des Dreil\u00e4nderecks von Deutschland, Frankreich und der Schweiz \u2013 in einer Erlebnisregion voller Kontraste, Geschichten und M\u00f6glichkeiten. Zimmer und Lodges [&hellip;]<\/p>\n","protected":false},"author":1,"featured_media":0,"parent":0,"menu_order":0,"comment_status":"closed","ping_status":"closed","template":"","meta":{"inline_featured_image":false,"footnotes":""},"class_list":["post-1764","page","type-page","status-publish","hentry"],"_links":{"self":[{"href":"https:\/\/voya-hotel.com\/en\/wp-json\/wp\/v2\/pages\/1764","targetHints":{"allow":["GET"]}}],"collection":[{"href":"https:\/\/voya-hotel.com\/en\/wp-json\/wp\/v2\/pages"}],"about":[{"href":"https:\/\/voya-hotel.com\/en\/wp-json\/wp\/v2\/types\/page"}],"author":[{"embeddable":true,"href":"https:\/\/voya-hotel.com\/en\/wp-json\/wp\/v2\/users\/1"}],"replies":[{"embeddable":true,"href":"https:\/\/voya-hotel.com\/en\/wp-json\/wp\/v2\/comments?post=1764"}],"version-history":[{"count":397,"href":"https:\/\/voya-hotel.com\/en\/wp-json\/wp\/v2\/pages\/1764\/revisions"}],"predecessor-version":[{"id":3280,"href":"https:\/\/voya-hotel.com\/en\/wp-json\/wp\/v2\/pages\/1764\/revisions\/3280"}],"wp:attachment":[{"href":"https:\/\/voya-hotel.com\/en\/wp-json\/wp\/v2\/media?parent=1764"}],"curies":[{"name":"wp","href":"https:\/\/api.w.org\/{rel}","templated":true}]}}