{"id":2306,"date":"2025-08-27T10:15:33","date_gmt":"2025-08-27T10:15:33","guid":{"rendered":"https:\/\/voya-hotel.com\/?page_id=2306"},"modified":"2026-02-27T08:13:00","modified_gmt":"2026-02-27T08:13:00","slug":"dreilaendereck","status":"publish","type":"page","link":"https:\/\/voya-hotel.com\/en\/dreilaendereck\/","title":{"rendered":"The border triangle"},"content":{"rendered":"\t\t<div data-elementor-type=\"wp-page\" data-elementor-id=\"2306\" class=\"elementor elementor-2306\" data-elementor-settings=\"{&quot;scroll_snap&quot;:&quot;yes&quot;}\" data-elementor-post-type=\"page\">\n\t\t\t\t<div class=\"elementor-element elementor-element-0ded07d e-flex e-con-boxed e-con e-parent\" data-id=\"0ded07d\" data-element_type=\"container\" data-e-type=\"container\" data-settings=\"{&quot;background_background&quot;:&quot;slideshow&quot;,&quot;background_slideshow_gallery&quot;:[{&quot;id&quot;:2413,&quot;url&quot;:&quot;https:\\\/\\\/voya-hotel.com\\\/wp-content\\\/uploads\\\/2025\\\/08\\\/Dreilaendereck-scaled.jpg&quot;}],&quot;background_slideshow_slide_duration&quot;:5000,&quot;background_slideshow_slide_transition&quot;:&quot;fade&quot;,&quot;background_slideshow_transition_duration&quot;:500}\">\n\t\t\t\t\t<div class=\"e-con-inner\">\n\t\t\t\t<div class=\"elementor-element elementor-element-6ac3b93 elementor-widget__width-inherit elementor-widget elementor-widget-heading\" data-id=\"6ac3b93\" data-element_type=\"widget\" data-e-type=\"widget\" data-widget_type=\"heading.default\">\n\t\t\t\t<div class=\"elementor-widget-container\">\n\t\t\t\t\t<h1 class=\"elementor-heading-title elementor-size-default\">Drei L\u00e4nder.<br>Ein Hotel.<br>Unz\u00e4hlige M\u00f6glichkeiten.<\/h1>\t\t\t\t<\/div>\n\t\t\t\t<\/div>\n\t\t\t\t\t<\/div>\n\t\t\t\t<\/div>\n\t\t<div class=\"elementor-element elementor-element-778be46 e-flex e-con-boxed e-con e-parent\" data-id=\"778be46\" data-element_type=\"container\" data-e-type=\"container\" data-settings=\"{&quot;background_background&quot;:&quot;classic&quot;}\">\n\t\t\t\t\t<div class=\"e-con-inner\">\n\t\t\t\t<div class=\"elementor-element elementor-element-a6f5043 elementor-widget elementor-widget-heading\" data-id=\"a6f5043\" data-element_type=\"widget\" data-e-type=\"widget\" data-widget_type=\"heading.default\">\n\t\t\t\t<div class=\"elementor-widget-container\">\n\t\t\t\t\t<h2 class=\"elementor-heading-title elementor-size-default\">Top Lage f\u00fcr spontane Ausfl\u00fcge &amp; kleine Roadtrips\u200b<\/h2>\t\t\t\t<\/div>\n\t\t\t\t<\/div>\n\t\t\t\t<div class=\"elementor-element elementor-element-323794c elementor-widget elementor-widget-text-editor\" data-id=\"323794c\" data-element_type=\"widget\" data-e-type=\"widget\" data-widget_type=\"text-editor.default\">\n\t\t\t\t<div class=\"elementor-widget-container\">\n\t\t\t\t\t\t\t\t\t<p>Nur ein paar Minuten bis Frankreich, knapp eine Stunde bis Basel.<br \/>Und dazwischen: Schwarzwald, Weinberge, Altst\u00e4dte und kleine Wow-Momente.<\/p><p>Du bist direkt an der A5 und startest von hier ganz entspannt in alle Richtungen<\/p><p>Ein bisschen Frankreich, ein kurzer Abstecher in die Schweiz, und das ganz unkompliziert. Perfekt f\u00fcr spontane Tagesausfl\u00fcge!<\/p><p>Und abends kommst du einfach wieder an, parkst direkt am Hotel und schl\u00e4fst ruhig, bevor es am n\u00e4chsten Tag weitergeht.<\/p>\t\t\t\t\t\t\t\t<\/div>\n\t\t\t\t<\/div>\n\t\t\t\t<div class=\"elementor-element elementor-element-95691c2 elementor-align-center elementor-widget elementor-widget-button\" data-id=\"95691c2\" data-element_type=\"widget\" data-e-type=\"widget\" data-widget_type=\"button.default\">\n\t\t\t\t<div class=\"elementor-widget-container\">\n\t\t\t\t\t\t\t\t\t<div class=\"elementor-button-wrapper\">\n\t\t\t\t\t<a class=\"elementor-button elementor-button-link elementor-size-sm\" href=\"https:\/\/www.onepagebooking.com\/voya-hotel\" target=\"_blank\" rel=\"noopener\">\n\t\t\t\t\t\t<span class=\"elementor-button-content-wrapper\">\n\t\t\t\t\t\t\t\t\t<span class=\"elementor-button-text\">Hotel buchen<\/span>\n\t\t\t\t\t<\/span>\n\t\t\t\t\t<\/a>\n\t\t\t\t<\/div>\n\t\t\t\t\t\t\t\t<\/div>\n\t\t\t\t<\/div>\n\t\t\t\t\t<\/div>\n\t\t\t\t<\/div>\n\t\t<div class=\"elementor-element elementor-element-cc6a519 slide e-flex e-con-boxed e-con e-parent\" data-id=\"cc6a519\" data-element_type=\"container\" data-e-type=\"container\" data-settings=\"{&quot;background_background&quot;:&quot;classic&quot;}\">\n\t\t\t\t\t<div class=\"e-con-inner\">\n\t\t<div class=\"elementor-element elementor-element-cda5960 e-con-full mobile-snap e-flex e-con e-child\" data-id=\"cda5960\" data-element_type=\"container\" data-e-type=\"container\" data-settings=\"{&quot;background_background&quot;:&quot;slideshow&quot;,&quot;background_slideshow_gallery&quot;:[],&quot;background_slideshow_loop&quot;:&quot;yes&quot;,&quot;background_slideshow_slide_duration&quot;:5000,&quot;background_slideshow_slide_transition&quot;:&quot;fade&quot;,&quot;background_slideshow_transition_duration&quot;:500}\">\n\t\t\t\t<div class=\"elementor-element elementor-element-1b22e35 elementor-widget elementor-widget-image\" data-id=\"1b22e35\" data-element_type=\"widget\" data-e-type=\"widget\" data-widget_type=\"image.default\">\n\t\t\t\t<div class=\"elementor-widget-container\">\n\t\t\t\t\t\t\t\t\t\t\t\t\t\t\t<img fetchpriority=\"high\" decoding=\"async\" width=\"1536\" height=\"1024\" src=\"https:\/\/voya-hotel.com\/wp-content\/uploads\/2025\/08\/Schwarzwald-und-Breisgau.jpg\" class=\"attachment-full size-full wp-image-2409\" alt=\"Panoramablick auf das Schwarzwaldtal mit gr\u00fcnen Wiesen und bewaldeten H\u00fcgeln.\" srcset=\"https:\/\/voya-hotel.com\/wp-content\/uploads\/2025\/08\/Schwarzwald-und-Breisgau.jpg 1536w, https:\/\/voya-hotel.com\/wp-content\/uploads\/2025\/08\/Schwarzwald-und-Breisgau-300x200.jpg 300w, https:\/\/voya-hotel.com\/wp-content\/uploads\/2025\/08\/Schwarzwald-und-Breisgau-1024x683.jpg 1024w, https:\/\/voya-hotel.com\/wp-content\/uploads\/2025\/08\/Schwarzwald-und-Breisgau-768x512.jpg 768w, https:\/\/voya-hotel.com\/wp-content\/uploads\/2025\/08\/Schwarzwald-und-Breisgau-18x12.jpg 18w\" sizes=\"(max-width: 1536px) 100vw, 1536px\" \/>\t\t\t\t\t\t\t\t\t\t\t\t\t\t\t<\/div>\n\t\t\t\t<\/div>\n\t\t\t\t<\/div>\n\t\t<div class=\"elementor-element elementor-element-e5e2bdf e-con-full mobile-snap e-flex e-con e-child\" data-id=\"e5e2bdf\" data-element_type=\"container\" data-e-type=\"container\">\n\t\t\t\t<div class=\"elementor-element elementor-element-0b438fc elementor-widget elementor-widget-heading\" data-id=\"0b438fc\" data-element_type=\"widget\" data-e-type=\"widget\" data-widget_type=\"heading.default\">\n\t\t\t\t<div class=\"elementor-widget-container\">\n\t\t\t\t\t<h2 class=\"elementor-heading-title elementor-size-default\">Schwarzwald und Breisgau<\/h2>\t\t\t\t<\/div>\n\t\t\t\t<\/div>\n\t\t\t\t<div class=\"elementor-element elementor-element-f319967 elementor-widget elementor-widget-text-editor\" data-id=\"f319967\" data-element_type=\"widget\" data-e-type=\"widget\" data-widget_type=\"text-editor.default\">\n\t\t\t\t<div class=\"elementor-widget-container\">\n\t\t\t\t\t\t\t\t\t<p>Du hast mindestens einen ganzen Tag Zeit? Dann erlebe den Gegensatz zwischen der Tiefe des Schwarzwaldes und den sonnigen Weinbergh\u00e4ngen des <strong>Breisgaus<\/strong>. Wer gern wandert, wird die klare Bergluft und die tiefe Waldlandschaft des <strong>Schwarzwaldes<\/strong> sch\u00e4tzen und danach den <strong>Breisgau<\/strong> von seiner sanften Seite kennenlernen: Weinberge, sonnige H\u00e4nge, kleine Orte voller Charme, Fachwerk und Genuss.<\/p><p>Ideal f\u00fcr entspannte Nachmittage, ein Glas Wein in der Sonne oder spontane Entdeckungen zwischen <strong>Kaiserstuhl<\/strong> und <strong>Freiburg<\/strong>.<\/p>\t\t\t\t\t\t\t\t<\/div>\n\t\t\t\t<\/div>\n\t\t\t\t<\/div>\n\t\t\t\t\t<\/div>\n\t\t\t\t<\/div>\n\t\t<div class=\"elementor-element elementor-element-685abca slide e-flex e-con-boxed e-con e-parent\" data-id=\"685abca\" data-element_type=\"container\" data-e-type=\"container\" data-settings=\"{&quot;background_background&quot;:&quot;classic&quot;}\">\n\t\t\t\t\t<div class=\"e-con-inner\">\n\t\t<div class=\"elementor-element elementor-element-51b2a65 e-con-full mobile-snap e-flex e-con e-child\" data-id=\"51b2a65\" data-element_type=\"container\" data-e-type=\"container\">\n\t\t\t\t<div class=\"elementor-element elementor-element-cc9bfe6 elementor-widget elementor-widget-heading\" data-id=\"cc9bfe6\" data-element_type=\"widget\" data-e-type=\"widget\" data-widget_type=\"heading.default\">\n\t\t\t\t<div class=\"elementor-widget-container\">\n\t\t\t\t\t<h2 class=\"elementor-heading-title elementor-size-default\">Elsass und Vogesen \u2013 Es ist ein Gef\u00fchl!<\/h2>\t\t\t\t<\/div>\n\t\t\t\t<\/div>\n\t\t\t\t<div class=\"elementor-element elementor-element-647c9e0 elementor-widget elementor-widget-text-editor\" data-id=\"647c9e0\" data-element_type=\"widget\" data-e-type=\"widget\" data-widget_type=\"text-editor.default\">\n\t\t\t\t<div class=\"elementor-widget-container\">\n\t\t\t\t\t\t\t\t\t<p>Das franz\u00f6sische Lebensgef\u00fchl ist ein besonderes \u2013 keine Frage! Und es beginnt nur wenige Minuten vom VOYA entfernt im Elsass. Fachwerk, Flammkuchen und dazwischen der frische Geruch von Baguettes oder einer Tarte sind DIE T\u00fcr\u00f6ffner f\u00fcrs Frankreich-Flair wie aus dem Bilderbuch.<\/p><p>Und Apropos Bilderbuch: <strong>Colmar<\/strong><b>, <\/b><strong data-start=\"514\" data-end=\"529\">Ribeauvill\u00e9<\/strong><b> <\/b>oder <strong>Eguisheim<\/strong> begeistern mit bunten Fassaden und alten Marktpl\u00e4tzen jeden Tagesausflug, w\u00e4hrend die Vogesen mit ihren sanften H\u00f6hen und ruhigen Seen selbst den letzten Zweifler zur Ruhe bringen werden. Wetten?<\/p>\t\t\t\t\t\t\t\t<\/div>\n\t\t\t\t<\/div>\n\t\t\t\t<\/div>\n\t\t<div class=\"elementor-element elementor-element-a1503dc e-con-full mobile-snap e-flex e-con e-child\" data-id=\"a1503dc\" data-element_type=\"container\" data-e-type=\"container\" data-settings=\"{&quot;background_background&quot;:&quot;classic&quot;}\">\n\t\t\t\t<div class=\"elementor-element elementor-element-0f4b6c4 elementor-widget elementor-widget-image\" data-id=\"0f4b6c4\" data-element_type=\"widget\" data-e-type=\"widget\" data-widget_type=\"image.default\">\n\t\t\t\t<div class=\"elementor-widget-container\">\n\t\t\t\t\t\t\t\t\t\t\t\t\t\t\t<img decoding=\"async\" width=\"1024\" height=\"1024\" src=\"https:\/\/voya-hotel.com\/wp-content\/uploads\/2025\/08\/Elsass-und-Vogesen.jpg\" class=\"attachment-full size-full wp-image-2405\" alt=\"Fachwerkh\u00e4user mit reflektierenden Wasseroberfl\u00e4chen in Stra\u00dfburg, Deutschland.\" srcset=\"https:\/\/voya-hotel.com\/wp-content\/uploads\/2025\/08\/Elsass-und-Vogesen.jpg 1024w, https:\/\/voya-hotel.com\/wp-content\/uploads\/2025\/08\/Elsass-und-Vogesen-300x300.jpg 300w, https:\/\/voya-hotel.com\/wp-content\/uploads\/2025\/08\/Elsass-und-Vogesen-150x150.jpg 150w, https:\/\/voya-hotel.com\/wp-content\/uploads\/2025\/08\/Elsass-und-Vogesen-768x768.jpg 768w, https:\/\/voya-hotel.com\/wp-content\/uploads\/2025\/08\/Elsass-und-Vogesen-12x12.jpg 12w\" sizes=\"(max-width: 1024px) 100vw, 1024px\" \/>\t\t\t\t\t\t\t\t\t\t\t\t\t\t\t<\/div>\n\t\t\t\t<\/div>\n\t\t\t\t<\/div>\n\t\t\t\t\t<\/div>\n\t\t\t\t<\/div>\n\t\t<div class=\"elementor-element elementor-element-4e64869 slide e-flex e-con-boxed e-con e-parent\" data-id=\"4e64869\" data-element_type=\"container\" data-e-type=\"container\" data-settings=\"{&quot;background_background&quot;:&quot;classic&quot;}\">\n\t\t\t\t\t<div class=\"e-con-inner\">\n\t\t<div class=\"elementor-element elementor-element-11df002 e-con-full mobile-snap e-flex e-con e-child\" data-id=\"11df002\" data-element_type=\"container\" data-e-type=\"container\" data-settings=\"{&quot;background_background&quot;:&quot;classic&quot;}\">\n\t\t\t\t<div class=\"elementor-element elementor-element-a00f1c0 elementor-widget elementor-widget-image\" data-id=\"a00f1c0\" data-element_type=\"widget\" data-e-type=\"widget\" data-widget_type=\"image.default\">\n\t\t\t\t<div class=\"elementor-widget-container\">\n\t\t\t\t\t\t\t\t\t\t\t\t\t\t\t<img decoding=\"async\" width=\"1024\" height=\"1024\" src=\"https:\/\/voya-hotel.com\/wp-content\/uploads\/2025\/08\/Basel-und-Schweiz.jpg\" class=\"attachment-full size-full wp-image-2411\" alt=\"Abendliche Stadtansicht von Basel mit beleuchteten Geb\u00e4uden und einer Br\u00fccke \u00fcber den Fluss.\" srcset=\"https:\/\/voya-hotel.com\/wp-content\/uploads\/2025\/08\/Basel-und-Schweiz.jpg 1024w, https:\/\/voya-hotel.com\/wp-content\/uploads\/2025\/08\/Basel-und-Schweiz-300x300.jpg 300w, https:\/\/voya-hotel.com\/wp-content\/uploads\/2025\/08\/Basel-und-Schweiz-150x150.jpg 150w, https:\/\/voya-hotel.com\/wp-content\/uploads\/2025\/08\/Basel-und-Schweiz-768x768.jpg 768w, https:\/\/voya-hotel.com\/wp-content\/uploads\/2025\/08\/Basel-und-Schweiz-12x12.jpg 12w\" sizes=\"(max-width: 1024px) 100vw, 1024px\" \/>\t\t\t\t\t\t\t\t\t\t\t\t\t\t\t<\/div>\n\t\t\t\t<\/div>\n\t\t\t\t<\/div>\n\t\t<div class=\"elementor-element elementor-element-10b99be e-con-full mobile-snap e-flex e-con e-child\" data-id=\"10b99be\" data-element_type=\"container\" data-e-type=\"container\">\n\t\t\t\t<div class=\"elementor-element elementor-element-6c310e0 elementor-widget elementor-widget-heading\" data-id=\"6c310e0\" data-element_type=\"widget\" data-e-type=\"widget\" data-widget_type=\"heading.default\">\n\t\t\t\t<div class=\"elementor-widget-container\">\n\t\t\t\t\t<h2 class=\"elementor-heading-title elementor-size-default\">Basel und Schweiz \u2013 Gro\u00dfstadt trifft Gelassenheit<\/h2>\t\t\t\t<\/div>\n\t\t\t\t<\/div>\n\t\t\t\t<div class=\"elementor-element elementor-element-4a2ffdc elementor-widget elementor-widget-text-editor\" data-id=\"4a2ffdc\" data-element_type=\"widget\" data-e-type=\"widget\" data-widget_type=\"text-editor.default\">\n\t\t\t\t<div class=\"elementor-widget-container\">\n\t\t\t\t\t\t\t\t\t<p>Dir steht der Sinn nach Stadt, Kunst und Kultur? Ab nach Basel! Nur eine Stunde vom VOYA entfernt trifft moderne Architektur auf mittelalterliche Altstadt und internationale Museumskunst auf kleine Caf\u00e9s am Rhein. Einfach treiben lassen, das Leben beobachten, irgendwo einkehren und die Schweiz von ihrer ganz entspannten Seite erleben.<\/p><p>Und wenn du schonmal da bist: Rund um Basel beginnen auch die H\u00fcgel des Jurabogens, der als einer der sch\u00f6nsten Mittelgebirgslandschaften Europas gilt. klare Fl\u00fcsse, stille Wege, irgendwo ein Picknick \u2026<\/p>\t\t\t\t\t\t\t\t<\/div>\n\t\t\t\t<\/div>\n\t\t\t\t<\/div>\n\t\t\t\t\t<\/div>\n\t\t\t\t<\/div>\n\t\t\t\t<\/div>\n\t\t","protected":false},"excerpt":{"rendered":"<p>Drei L\u00e4nder.Ein Hotel.Unz\u00e4hlige M\u00f6glichkeiten. Top Lage f\u00fcr spontane Ausfl\u00fcge &amp; kleine Roadtrips\u200b Nur ein paar Minuten bis Frankreich, knapp eine Stunde bis Basel.Und dazwischen: Schwarzwald, Weinberge, Altst\u00e4dte und kleine Wow-Momente. Du bist direkt an der A5 und startest von hier ganz entspannt in alle Richtungen Ein bisschen Frankreich, ein kurzer Abstecher in die Schweiz, und [&hellip;]<\/p>\n","protected":false},"author":1,"featured_media":0,"parent":0,"menu_order":0,"comment_status":"closed","ping_status":"closed","template":"","meta":{"inline_featured_image":false,"footnotes":""},"class_list":["post-2306","page","type-page","status-publish","hentry"],"_links":{"self":[{"href":"https:\/\/voya-hotel.com\/en\/wp-json\/wp\/v2\/pages\/2306","targetHints":{"allow":["GET"]}}],"collection":[{"href":"https:\/\/voya-hotel.com\/en\/wp-json\/wp\/v2\/pages"}],"about":[{"href":"https:\/\/voya-hotel.com\/en\/wp-json\/wp\/v2\/types\/page"}],"author":[{"embeddable":true,"href":"https:\/\/voya-hotel.com\/en\/wp-json\/wp\/v2\/users\/1"}],"replies":[{"embeddable":true,"href":"https:\/\/voya-hotel.com\/en\/wp-json\/wp\/v2\/comments?post=2306"}],"version-history":[{"count":74,"href":"https:\/\/voya-hotel.com\/en\/wp-json\/wp\/v2\/pages\/2306\/revisions"}],"predecessor-version":[{"id":2978,"href":"https:\/\/voya-hotel.com\/en\/wp-json\/wp\/v2\/pages\/2306\/revisions\/2978"}],"wp:attachment":[{"href":"https:\/\/voya-hotel.com\/en\/wp-json\/wp\/v2\/media?parent=2306"}],"curies":[{"name":"wp","href":"https:\/\/api.w.org\/{rel}","templated":true}]}}