{"id":2756,"date":"2025-12-08T16:26:44","date_gmt":"2025-12-08T16:26:44","guid":{"rendered":"https:\/\/voya-hotel.com\/?page_id=2756"},"modified":"2025-12-18T15:42:50","modified_gmt":"2025-12-18T15:42:50","slug":"agb","status":"publish","type":"page","link":"https:\/\/voya-hotel.com\/en\/agb\/","title":{"rendered":"General Terms and Conditions"},"content":{"rendered":"\t\t<div data-elementor-type=\"wp-page\" data-elementor-id=\"2756\" class=\"elementor elementor-2756\" data-elementor-settings=\"{&quot;scroll_snap&quot;:&quot;yes&quot;}\" data-elementor-post-type=\"page\">\n\t\t\t\t<div class=\"elementor-element elementor-element-0ded07d e-flex e-con-boxed e-con e-parent\" data-id=\"0ded07d\" data-element_type=\"container\" data-e-type=\"container\" data-settings=\"{&quot;background_background&quot;:&quot;slideshow&quot;,&quot;background_slideshow_gallery&quot;:[{&quot;id&quot;:2413,&quot;url&quot;:&quot;https:\\\/\\\/voya-hotel.com\\\/wp-content\\\/uploads\\\/2025\\\/08\\\/Dreilaendereck-scaled.jpg&quot;}],&quot;background_slideshow_slide_duration&quot;:5000,&quot;background_slideshow_slide_transition&quot;:&quot;fade&quot;,&quot;background_slideshow_transition_duration&quot;:500}\">\n\t\t\t\t\t<div class=\"e-con-inner\">\n\t\t\t\t<div class=\"elementor-element elementor-element-6ac3b93 elementor-widget__width-inherit elementor-widget elementor-widget-heading\" data-id=\"6ac3b93\" data-element_type=\"widget\" data-e-type=\"widget\" data-widget_type=\"heading.default\">\n\t\t\t\t<div class=\"elementor-widget-container\">\n\t\t\t\t\t<h1 class=\"elementor-heading-title elementor-size-default\">Allgemeine Gesch\u00e4ftsbedingungen<\/h1>\t\t\t\t<\/div>\n\t\t\t\t<\/div>\n\t\t\t\t\t<\/div>\n\t\t\t\t<\/div>\n\t\t<div class=\"elementor-element elementor-element-685abca slide e-flex e-con-boxed e-con e-parent\" data-id=\"685abca\" data-element_type=\"container\" data-e-type=\"container\" data-settings=\"{&quot;background_background&quot;:&quot;classic&quot;}\">\n\t\t\t\t\t<div class=\"e-con-inner\">\n\t\t<div class=\"elementor-element elementor-element-51b2a65 e-con-full mobile-snap e-flex e-con e-child\" data-id=\"51b2a65\" data-element_type=\"container\" data-e-type=\"container\">\n\t\t\t\t<div class=\"elementor-element elementor-element-647c9e0 elementor-widget elementor-widget-text-editor\" data-id=\"647c9e0\" data-element_type=\"widget\" data-e-type=\"widget\" data-widget_type=\"text-editor.default\">\n\t\t\t\t<div class=\"elementor-widget-container\">\n\t\t\t\t\t\t\t\t\t<p>Allgemeine Gesch\u00e4ftsbedingungen f\u00fcr Hotel- und Arrangementleistungen <br \/>des VOYA Hotel Ringsheim.<\/p><p>\u00a0<\/p><p>Firmierend unter:<\/p><p><br \/><strong>Alte Burse Immobilienverwaltung GmbH &amp; Co. KG<\/strong><br \/>Schiffstra\u00dfe 7 in 79098 Freiburg im Breisgau. Sitz Freiburg i. Br.<\/p><p><br \/>Amtsgericht Freiburg i. Br.<\/p><p>HRA 4502, USt-ID: DE200316235.<\/p><p>\u00a0<\/p><p>Komplement\u00e4rin:<\/p><p><strong>Alte Burse Verwaltungs GmbH<\/strong><br \/>Sitz Freiburg i. Br.<br \/>Amtsgericht Freiburg i. Br.<br \/><br \/>Mit dem HRB 715624<\/p><p><br \/><strong>Gesch\u00e4ftsf\u00fchrer:<\/strong> Josef Hausner<\/p><p>\u00a0<\/p><p>Folgende Gesch\u00e4ftsbedingungen gelten f\u00fcr die \u00dcberlassung von Hotelzimmern sowie f\u00fcr alle f\u00fcr den Kunden erbrachten weiteren Leistungen der o.g. Gesellschaft (im folgenden Hotel genannt):<\/p><p>I. Vertragsabschluss, Stornierung des Hotelaufnahmevertrags<\/p><p><br \/>1. Der Hotelaufnahmevertrag kommt zustande durch die Best\u00e4tigung einer Buchung\/Reservierung seitens des Hotels bzw. durch Annahme eines als verbindlich bezeichneten Angebotes des Hotels durch den Kunden.<br \/>Bei Buchung im Internet stellt die M\u00f6glichkeit der Reservierung noch kein verbindliches Angebot des Hotels dar.<br \/>Der Vertrag kommt zustande, sobald der Kunde die Buchungsbest\u00e4tigung des Hotels erh\u00e4lt.<\/p><p>\u00a0<\/p><p>2.<\/p><p><br \/>a. Buchungen\/Reservierungen sind f\u00fcr beide Partner verbindlich.<\/p><p><br \/>b. Das Hotel ist berechtigt<br \/>\u2013 bei Vertragsschluss vom Kunden eine angemessene Vorauszahlung oder Sicherheitsleistung zu verlangen, etwa in Form einer Kreditkartengarantie oder einer Anzahlung. Art und H\u00f6he der Vorauszahlung sowie die Zahlungstermine werden im Vertrag in Textform vereinbart.<br \/>\u2013 nach Vertragsschluss vor oder nach Beginn des Aufenthaltes in begr\u00fcndeten F\u00e4llen, z.B. Zahlungsr\u00fcckstand des Kunden, eine Vorauszahlung oder Sicherheitsleistung oder eine Anhebung der im Vertrag vereinbarten Vorauszahlung oder Sicherheitsleistung bis zur vollen vereinbarten Verg\u00fctung zu verlangen.<\/p><p><br \/>c. Umbuchungen sind nicht m\u00f6glich. Bei Stornierung, au\u00dferhalb der Stornierungsfrist, durch den Kunden ist der vereinbarte Preis auch dann zu zahlen, wenn der Kunde die vertragliche Leistung nicht in Anspruch nimmt.<br \/>Das Hotel hat dabei jedoch die Einnahmen aus anderweitiger Vermietung der Zimmer sowie die ersparten Aufwendungen auf den vereinbarten Preis anzurechnen.<br \/>Das Hotel ist berechtigt, den Abzug f\u00fcr die ersparten Aufwendungen zu pauschalieren.<br \/>Der Kunde ist in diesem Fall verpflichtet, 90% des vereinbarten Preises und 90% f\u00fcr Hotelarrangements zu zahlen.<\/p><p><br \/>d. Wenn der Gast das gebuchte Zimmer oder die gebuchten Leistungen, ohne dies rechtzeitig mitzuteilen, nicht in Anspruch nimmt (No Show), ist das Hotel berechtigt, bis zu 90% der Gesamtrechnung auf \u00dcbernachtungen und alle sonstigen Leistungen einzuziehen.<br \/>Die Regelung gilt entsprechend auch bei einer Reduzierung der bestellten Zimmeranzahl und\/oder der Aufenthaltsdauer.<\/p><p>\u00a0<\/p><p><br \/>3.<\/p><p>Hat das Hotel dem Gast im Vertrag eine Option einger\u00e4umt, innerhalb einer bestimmten Frist ohne weitere Rechtsfolgen vom Vertrag zur\u00fcckzutreten, hat das Hotel keinen Anspruch auf Entsch\u00e4digung.<br \/>Ma\u00dfgeblich f\u00fcr die Rechtzeitigkeit der R\u00fccktrittserkl\u00e4rung ist deren Zugang beim Hotel. Der Kunde muss den R\u00fccktritt in diesem Fall schriftlich erkl\u00e4ren.<\/p><p>\u00a0<\/p><p><br \/>4.<\/p><p>Das Hotel ist berechtigt, aus wichtigem Grund vom Vertrag zur\u00fcckzutreten oder ihn zu k\u00fcndigen.<br \/>Ein wichtiger Grund liegt insbesondere vor, wenn h\u00f6here Gewalt oder andere vom Hotel nicht zu vertretende Umst\u00e4nde die Erf\u00fcllung des Vertrages unm\u00f6glich machen.<br \/>Zimmer unter irref\u00fchrenden oder falschen Angaben wesentlicher Tatsachen, z.B. den Hotelgast (Name, Adresse, etc.) oder den Zweck betreffend, gebucht wurden.<br \/>Wenn das Hotel begr\u00fcndeten Anlass zu der Annahme hat, dass die Inanspruchnahme der Hotelleistung den reibungslosen Gesch\u00e4ftsbetrieb, die Sicherheit oder den Ruf des Hotels gef\u00e4hrden k\u00f6nnte.<br \/>Ist der R\u00fccktritt oder die K\u00fcndigung des Hotels berechtigt, hat der Kunde keinen Anspruch auf Schadensersatz.<\/p><p>\u00a0<\/p><p><br \/>5.<\/p><p>Sofern vereinbart wurde, dass der Kunde innerhalb einer bestimmten Frist kostenfrei vom Vertrag zur\u00fccktreten kann, ist das Hotel in diesem Zeitraum seinerseits berechtigt, vom Vertrag zur\u00fcckzutreten.<br \/>Dies gilt, wenn Anfragen anderer Kunden nach den vertraglich gebuchten Zimmern vorliegen und der Kunde auf R\u00fcckfrage des Hotels mit angemessener Fristsetzung auf sein Recht zum R\u00fccktritt nicht verzichtet.<br \/>Dies gilt entsprechend bei Einr\u00e4umung einer Option, wenn andere Anfragen vorliegen und der Kunde auf R\u00fcckfrage des Hotels mit angemessener Fristsetzung nicht zur festen Buchung bereit ist.<\/p><p>\u00a0<\/p><p><br \/>I. Anreise und Abreise<\/p><p><br \/>1. Das Hotel ist verpflichtet, die reservierten Zimmer am Anreisetag ab 15:00 Uhr zur Verf\u00fcgung zu stellen. Wann immer m\u00f6glich, werden Zimmer, falls notwendig, auch fr\u00fcher zur Verf\u00fcgung gestellt. Ein Anspruch auf eine fr\u00fchere \u00dcbergabe besteht nicht. Sofern nichts anderes ausdr\u00fccklich vereinbart und eine sp\u00e4tere Ankunftszeit vom Kunden an das VOYA kommuniziert wurde, h\u00e4lt das Hotel reservierte Zimmer bis 18:00 Uhr frei. Danach steht es dem Hotel frei, Zimmer anderweitig zu vergeben.<\/p><p><br \/>2. Gebuchte Zimmer stehen dem Gast am Abreisetag bis 12:00 Uhr zur Verf\u00fcgung. Der Gast kann nur mit ausdr\u00fccklicher Vereinbarung den vorgesehenen Check-Out nach 12:00 Uhr verl\u00e4ngern. Eine solche Vereinbarung kann verbindlich nur bis sp\u00e4testens 21:00 Uhr des Vortages der Abreise am Empfang getroffen werden. Verl\u00e4sst der Gast das Zimmer erst nach 12:00 Uhr, kann das Hotel bei einem Check-Out bis 15:00 Uhr <br \/>30,&#8211; \u20ac nach 16:00 Uhr den vollen \u00dcbernachtungspreis f\u00fcr diesen Tag zus\u00e4tzlich verlangen. Ist das Zimmer nachbelegt und entsteht dem Hotel ein Schaden durch die Weiterbelegung, hat das Hotel das Recht diesen Schaden als Schadensersatz an den Kunden gelten zu machen.<\/p><p><br \/>3. Soweit der Kunde nicht alle Zimmer des Hotels reserviert hat, besteht innerhalb einer Zimmerkategorie kein Anspruch auf Wahl bestimmter Zimmer oder R\u00e4umlichkeiten.<\/p><p><br \/>4. Bei einer Reservierung mit Haustier gilt es zu beachten, dass pro Zimmer maximal ein Haustier erlaubt ist. Wir definieren als Haustier einen Hund. Neben Hunden erlauben wir keine Tiere. F\u00fcr die \u00dcbernachtung mit Haustier fallen gesonderte Kosten an.<\/p><p>\u00a0<\/p><p>III. Zahlung, Erf\u00fcllungsort<\/p><p><br \/>1. Die vereinbarten Preise schlie\u00dfen die gesetzliche Mehrwertsteuer ein.<\/p><p><br \/>2. Aufgelaufene Forderungen k\u00f6nnen jederzeit f\u00e4llig gestellt und unverz\u00fcgliche Zahlung verlangt werden.<\/p><p><br \/>3. Bei Zahlungsverzug ist das Hotel berechtigt, f\u00fcr den ausstehenden Rechnungsbetrag Zinsen in H\u00f6he von 5 Prozentpunkten \u00fcber dem jeweiligen Basiszinssatz der Deutschen Bundesbank zu verlangen. Dem Hotel bleibt der Nachweis eines h\u00f6heren Zinsschadens vorbehalten.<\/p><p><br \/>4. Der Kunde kann nur mit einer unstreitigen oder rechtskr\u00e4ftigen Forderung gegen\u00fcber einer Forderung des Hotels aufrechnen oder mindern.<\/p><p><br \/>5. Erf\u00fcllungs- und Zahlungsort ist der Sitz des gebuchten Hotels.<\/p><p>\u00a0<\/p><p>IV. Fremdleistungen<\/p><p><br \/>1. Neben den Hotelleistungen k\u00f6nnen dem Kunden Fremdleistungen vermittelt werden, z.B. Sportkurse, Besuche von Veranstaltungen sowie Ausfl\u00fcge usw. Fremdleistungen werden nicht vom Hotel durchgef\u00fchrt, sondern von Dritten (Leistungserbringern) in eigener Verantwortung erbracht. Den jeweiligen Vertrag schlie\u00dft der Kunde unmittelbar mit dem Veranstalter.<\/p><p>\u00a0<\/p><p>\u00a0<\/p><p>V. Haftung \/ Verj\u00e4hrung<\/p><p><br \/>1.<br \/>a. Die Haftung des Hotels im Bereich der eigenen Leistungserbringung ist ausgeschlossen, soweit dies nicht in den folgenden Vorschriften anders geregelt ist.<\/p><p><br \/>b. Der Haftungsausschluss nach lit. a. gilt nicht f\u00fcr Sch\u00e4den, die durch schuldhafte Verletzung einer wesentlichen Vertragspflicht in einer das Erreichen des Vertragszwecks gef\u00e4hrdenden Weise verursacht wurden. Wesentliche Vertragspflichten sind solche Pflichten, deren Erf\u00fcllung die ordnungsgem\u00e4\u00dfe Durchf\u00fchrung des Vertrags \u00fcberhaupt erst erm\u00f6glicht und auf deren Einhaltung der Kunde regelm\u00e4\u00dfig vertraut und vertrauen darf. Die Haftung ist dabei jedoch auf den vertragstypischen Schaden begrenzt, mit dessen Entstehen jede Vertragspartei aufgrund der ihr zu diesem Zeitpunkt bekannten Umst\u00e4nde rechnen musste.<\/p><p><br \/>c. Der Haftungsausschluss nach lit. a. gilt ferner nicht f\u00fcr Sch\u00e4den aus der Verletzung des Lebens, des K\u00f6rpers oder der Gesundheit, die auf einer fahrl\u00e4ssigen Pflichtverletzung des Hotels oder seiner gesetzlichen Vertreter oder Erf\u00fcllungsgehilfen beruhen.<\/p><p><br \/>d. Der Haftungsausschluss nach lit. a. gilt nicht f\u00fcr Sch\u00e4den, die auf einer vors\u00e4tzlichen oder grob fahrl\u00e4ssigen Pflichtverletzung des Hotels oder seiner gesetzlichen Vertreter oder Erf\u00fcllungsgehilfen beruhen.<\/p><p><br \/>e. Der Haftungsausschluss nach lit. a. gilt nicht gegen\u00fcber Anspr\u00fcchen aus dem Produkthaftungsgesetz.<\/p><p><br \/>f. Soweit die Haftung des Hotels ausgeschlossen oder beschr\u00e4nkt ist, gilt dies auch f\u00fcr die Haftung seiner gesetzlichen Vertreter, Mitarbeiter und Erf\u00fcllungsgehilfen.<\/p><p>\u00a0<\/p><p><br \/>2. Die verschuldensunabh\u00e4ngige Schadensersatzhaftung f\u00fcr M\u00e4ngel, die bereits bei Vertragsschluss vorlagen (\u00a7 536a BGB), ist ausgeschlossen.<\/p><p><br \/>3. Die Verj\u00e4hrungsfrist betr\u00e4gt f\u00fcr Anspr\u00fcche des Kunden gegen das Hotel sechs Monate nach Erbringung der vertraglich vereinbarten Hotelleistung. Die kurze Verj\u00e4hrungsfrist gilt zugunsten des Hotels sowohl bei vertraglichen Anspr\u00fcchen als auch bei Anspr\u00fcchen aus unerlaubter Handlung.<\/p><p><br \/>4.F\u00fcr Fremdleistungen i.S. der Ziffer IV wird keine Gew\u00e4hr und\/oder Haftung \u00fcbernommen.<\/p><p><br \/>5. Das Hotel haftet dem Gast nach den gesetzlichen Bestimmungen. Die Haftung des Hotels ist ausgeschlossen, wenn das Zimmer oder Beh\u00e4ltnisse, in denen der Gast Gegenst\u00e4nde bel\u00e4sst, unverschlossen bleiben. Die G\u00e4ste bzw. der Kunde werden gebeten, daf\u00fcr Sorge zu tragen, dass Wertgegenst\u00e4nde nicht im Zimmer zur\u00fcckgelassen werden bzw. im Zimmereigenen Tresor zu lagern sind. Geld ist gegen Quittung zu hinterlegen.<\/p><p>6. Wird dem Kunden ein Stellplatz auf dem Hotelgrundst\u00fcck oder in der Tiefgarage zur Verf\u00fcgung gestellt, schlie\u00dft er mit dem Hotel lediglich einen Vertrag \u00fcber die Stellplatzmiete. Es findet keine Bewachung statt und ein Verwahrungsvertrag kommt nicht zu Stande. Das Hotel haftet bei Abhandenkommen oder Besch\u00e4digungen an einem auf dem Hotelgrundst\u00fcck\/Tiefgarage abgestellten Kraftfahrzeug und\/oder f\u00fcr dessen Inhalt nicht, es sei denn, das Hotel hat den Schaden nach Ma\u00dfgabe der Regelung unter 1. zu vertreten.<\/p><p>7. Die vors\u00e4tzliche oder grob fahrl\u00e4ssige Ausl\u00f6sung eines Feueralarms, insbesondere durch unsachgem\u00e4\u00dfe Handhabung von Rauchmeldern, Brandmeldeanlagen oder sonstigen Sicherheitseinrichtungen, f\u00fchrt zur Berechnung einer pauschalen Kostenentsch\u00e4digung in H\u00f6he von 1.000 \u20ac.<br \/>Diese Pauschale umfasst insbesondere die Kosten f\u00fcr den Einsatz der Feuerwehr sowie die durch den Alarm verursachten betrieblichen Aufwendungen des Hotels.<br \/>Dem Gast bleibt der Nachweis vorbehalten, dass ein Schaden \u00fcberhaupt nicht oder in wesentlich geringerer H\u00f6he entstanden ist. Das Hotel beh\u00e4lt sich vor, weitergehende Sch\u00e4den geltend zu machen.<br \/>Bei Missachtung des im Hotelbereiches geltenden generellen Rauchverbotes beh\u00e4lt sich das Hotel das Recht vor, pauschal 150\u20ac f\u00fcr die Sonderreinigung zu berechnen.<\/p><p><br \/><br \/>VI. Schlussbestimmungen<\/p><p><br \/>1. Sofern es sich beim Kunden um einen Kaufmann, eine juristische Person des \u00f6ffentlichen Rechts oder um ein \u00f6ffentlich-rechtliches Sonderverm\u00f6gen handelt, ist Gerichtsstand f\u00fcr alle Streitigkeiten aus Vertragsverh\u00e4ltnissen zwischen dem Kunden und dem Hotel der Sitz des Hotels.<\/p><p><br \/>2. Es gilt deutsches Recht. Die Anwendung des UN-Kaufrechts ist ausgeschlossen.<\/p><p><br \/>3.Entsprechend der gesetzlichen Verpflichtung weist das Hotel daraufhin, dass die Europ\u00e4ische Union eine Online-Plattform zur au\u00dfergerichtlichen Beilegung von verbraucherrechtlichen Streitigkeiten (\u201eOS-Plattform\u201c) eingerichtet hat: <a href=\"http:\/\/ec.europa.eu\/consumers\/odr\/\" target=\"_blank\" rel=\"noopener\">http:\/\/ec.europa.eu\/consumers\/odr\/<\/a>. Das Hotel nimmt jedoch nicht an Streitbeilegungsverfahren vor Verbraucherschlichtungsstellen teil.<\/p>\t\t\t\t\t\t\t\t<\/div>\n\t\t\t\t<\/div>\n\t\t\t\t<\/div>\n\t\t\t\t\t<\/div>\n\t\t\t\t<\/div>\n\t\t\t\t<\/div>\n\t\t","protected":false},"excerpt":{"rendered":"<p>Allgemeine Gesch\u00e4ftsbedingungen Allgemeine Gesch\u00e4ftsbedingungen f\u00fcr Hotel- und Arrangementleistungen des VOYA Hotel Ringsheim. \u00a0 Firmierend unter: Alte Burse Immobilienverwaltung GmbH &amp; Co. KGSchiffstra\u00dfe 7 in 79098 Freiburg im Breisgau. Sitz Freiburg i. Br. Amtsgericht Freiburg i. Br. HRA 4502, USt-ID: DE200316235. \u00a0 Komplement\u00e4rin: Alte Burse Verwaltungs GmbHSitz Freiburg i. Br.Amtsgericht Freiburg i. Br. Mit dem HRB [&hellip;]<\/p>\n","protected":false},"author":1,"featured_media":0,"parent":0,"menu_order":0,"comment_status":"closed","ping_status":"closed","template":"","meta":{"inline_featured_image":false,"footnotes":""},"class_list":["post-2756","page","type-page","status-publish","hentry"],"_links":{"self":[{"href":"https:\/\/voya-hotel.com\/en\/wp-json\/wp\/v2\/pages\/2756","targetHints":{"allow":["GET"]}}],"collection":[{"href":"https:\/\/voya-hotel.com\/en\/wp-json\/wp\/v2\/pages"}],"about":[{"href":"https:\/\/voya-hotel.com\/en\/wp-json\/wp\/v2\/types\/page"}],"author":[{"embeddable":true,"href":"https:\/\/voya-hotel.com\/en\/wp-json\/wp\/v2\/users\/1"}],"replies":[{"embeddable":true,"href":"https:\/\/voya-hotel.com\/en\/wp-json\/wp\/v2\/comments?post=2756"}],"version-history":[{"count":7,"href":"https:\/\/voya-hotel.com\/en\/wp-json\/wp\/v2\/pages\/2756\/revisions"}],"predecessor-version":[{"id":2785,"href":"https:\/\/voya-hotel.com\/en\/wp-json\/wp\/v2\/pages\/2756\/revisions\/2785"}],"wp:attachment":[{"href":"https:\/\/voya-hotel.com\/en\/wp-json\/wp\/v2\/media?parent=2756"}],"curies":[{"name":"wp","href":"https:\/\/api.w.org\/{rel}","templated":true}]}}