{"id":2679,"date":"2025-11-14T07:49:09","date_gmt":"2025-11-14T07:49:09","guid":{"rendered":"https:\/\/voya-hotel.com\/?page_id=2679"},"modified":"2026-03-20T08:08:00","modified_gmt":"2026-03-20T08:08:00","slug":"impressum","status":"publish","type":"page","link":"https:\/\/voya-hotel.com\/nl\/impressum\/","title":{"rendered":"Afdruk"},"content":{"rendered":"\t\t<div data-elementor-type=\"wp-page\" data-elementor-id=\"2679\" class=\"elementor elementor-2679\" data-elementor-settings=\"{&quot;scroll_snap&quot;:&quot;yes&quot;}\" data-elementor-post-type=\"page\">\n\t\t\t\t<div class=\"elementor-element elementor-element-0ded07d e-flex e-con-boxed e-con e-parent\" data-id=\"0ded07d\" data-element_type=\"container\" data-e-type=\"container\" data-settings=\"{&quot;background_background&quot;:&quot;slideshow&quot;,&quot;background_slideshow_gallery&quot;:[{&quot;id&quot;:2413,&quot;url&quot;:&quot;https:\\\/\\\/voya-hotel.com\\\/wp-content\\\/uploads\\\/2025\\\/08\\\/Dreilaendereck-scaled.jpg&quot;}],&quot;background_slideshow_slide_duration&quot;:5000,&quot;background_slideshow_slide_transition&quot;:&quot;fade&quot;,&quot;background_slideshow_transition_duration&quot;:500}\">\n\t\t\t\t\t<div class=\"e-con-inner\">\n\t\t\t\t<div class=\"elementor-element elementor-element-6ac3b93 elementor-widget__width-inherit elementor-widget elementor-widget-heading\" data-id=\"6ac3b93\" data-element_type=\"widget\" data-e-type=\"widget\" data-widget_type=\"heading.default\">\n\t\t\t\t<div class=\"elementor-widget-container\">\n\t\t\t\t\t<h1 class=\"elementor-heading-title elementor-size-default\">Impressum<\/h1>\t\t\t\t<\/div>\n\t\t\t\t<\/div>\n\t\t\t\t\t<\/div>\n\t\t\t\t<\/div>\n\t\t<div class=\"elementor-element elementor-element-685abca slide e-flex e-con-boxed e-con e-parent\" data-id=\"685abca\" data-element_type=\"container\" data-e-type=\"container\" data-settings=\"{&quot;background_background&quot;:&quot;classic&quot;}\">\n\t\t\t\t\t<div class=\"e-con-inner\">\n\t\t<div class=\"elementor-element elementor-element-51b2a65 e-con-full mobile-snap e-flex e-con e-child\" data-id=\"51b2a65\" data-element_type=\"container\" data-e-type=\"container\">\n\t\t\t\t<div class=\"elementor-element elementor-element-647c9e0 elementor-widget elementor-widget-text-editor\" data-id=\"647c9e0\" data-element_type=\"widget\" data-e-type=\"widget\" data-widget_type=\"text-editor.default\">\n\t\t\t\t<div class=\"elementor-widget-container\">\n\t\t\t\t\t\t\t\t\t<p class=\"p1\">Angaben gem\u00e4\u00df \u00a7 5 TMG<b><\/b><\/p><p class=\"p1\"><b>VOYA Hotel Ringsheim<\/b><b><\/b><\/p><p class=\"p3\">Elzstra\u00dfe 4<\/p><p class=\"p3\">77975 Ringsheim<\/p><p class=\"p3\">Deutschland<\/p><p class=\"p1\"><span class=\"s1\"><b>Telefon: <\/b><\/span>+49 7822 8614 8810<b><\/b><\/p><p class=\"p1\"><span class=\"s1\"><b>E-Mail:<\/b> <\/span>hello@voya-hotel.com<b><\/b><\/p><p class=\"p1\"><span class=\"s1\"><b>Web:<\/b> <\/span>www.voya-hotel.com<b><\/b><\/p><p class=\"p1\"><b>\u00a0<\/b><\/p><hr \/><h3><b>\u00a0<\/b><\/h3><h3><b>Betreiber der Website<\/b><\/h3><h3><b>Verantwortlich f\u00fcr den Inhalt nach \u00a7 55 Abs. 2 RStV<\/b><\/h3><div><b>\u00a0<\/b><\/div><div><strong>Alte Burse GmbH &amp; Co. KG<\/strong><br \/>Elzstr. 4<br \/>77975 Ringsheim<\/div><div>\u00a0<\/div><p class=\"p3\">Registergericht: Amtsgericht Freiburg i. Br.<\/p><p class=\"p3\">Registernummer: <span class=\"s3\">HRA 4502<b><\/b><\/span><\/p><p class=\"p1\"><span class=\"s1\">USt-ID: <\/span>DE200316235<b><\/b><\/p><p>\u00a0<\/p><p class=\"p1\"><b>Komplement\u00e4rin:\u00a0<\/b><strong style=\"letter-spacing: 0px; word-spacing: 0em;\">Alte Burse Verwaltungs GmbH<\/strong><\/p><p class=\"p3\">Sitz: Freiburg i. Br.<\/p><p class=\"p3\">Registergericht: Amtsgericht Freiburg i. Br.<\/p><p class=\"p3\">Registernummer: <span class=\"s3\">HRB 715624<b><\/b><\/span><\/p><p class=\"p1\">Gesch\u00e4ftsf\u00fchrer:<span class=\"s1\"> Josef Hausner<\/span><\/p><p class=\"p1\"><span class=\"s1\">\u00a0<\/span><\/p><hr \/><h3>\u00a0<\/h3><h3><b>Haftungsausschluss<\/b><\/h3><div><b>\u00a0<\/b><\/div><p class=\"p1\"><b>Haftung f\u00fcr Inhalte<\/b><b><\/b><\/p><p class=\"p3\">Die Inhalte unserer Seiten wurden mit gr\u00f6\u00dfter Sorgfalt erstellt. F\u00fcr die Richtigkeit, Vollst\u00e4ndigkeit und Aktualit\u00e4t der Inhalte k\u00f6nnen wir jedoch keine Gew\u00e4hr \u00fcbernehmen.<\/p><p class=\"p1\"><b>Haftung f\u00fcr Links<\/b><b><\/b><\/p><p class=\"p3\">Unser Angebot enth\u00e4lt Links zu externen Webseiten Dritter, auf deren Inhalte wir keinen Einfluss haben. Daher k\u00f6nnen wir f\u00fcr diese fremden Inhalte keine Gew\u00e4hr \u00fcbernehmen.<\/p><hr \/><h3>\u00a0<\/h3><h3><b>Urheberrecht<\/b><\/h3><div><b>\u00a0<\/b><\/div><p class=\"p3\">Die durch die Seitenbetreiber erstellten Inhalte und Werke auf diesen Seiten unterliegen dem deutschen Urheberrecht. Beitr\u00e4ge Dritter sind als solche gekennzeichnet.<br \/><br \/><\/p><hr \/><h3>\u00a0<\/h3><h3><b>Streitbeilegung<\/b><\/h3><div><b>\u00a0<\/b><\/div><p class=\"p3\">Die Europ\u00e4ische Kommission stellt eine Plattform zur Online-Streitbeilegung (OS) bereit:<\/p><p class=\"p3\"><a href=\"https:\/\/ec.europa.eu\/consumers\/odr\/\" target=\"_blank\" rel=\"noopener\"><b>https:\/\/ec.europa.eu\/consumers\/odr\/<\/b><\/a><\/p><p class=\"p3\">Wir sind nicht verpflichtet und nicht bereit, an Streitbeilegungsverfahren vor einer Verbraucherschlichtungsstelle teilzunehmen<\/p>\t\t\t\t\t\t\t\t<\/div>\n\t\t\t\t<\/div>\n\t\t\t\t<\/div>\n\t\t\t\t\t<\/div>\n\t\t\t\t<\/div>\n\t\t\t\t<\/div>\n\t\t","protected":false},"excerpt":{"rendered":"<p>Impressum Angaben gem\u00e4\u00df \u00a7 5 TMG VOYA Hotel Ringsheim Elzstra\u00dfe 4 77975 Ringsheim Deutschland Telefon: +49 7822 8614 8810 E-Mail: hello@voya-hotel.com Web: www.voya-hotel.com \u00a0 \u00a0 Betreiber der Website Verantwortlich f\u00fcr den Inhalt nach \u00a7 55 Abs. 2 RStV \u00a0Alte Burse GmbH &amp; Co. KGElzstr. 477975 Ringsheim\u00a0 Registergericht: Amtsgericht Freiburg i. Br. Registernummer: HRA 4502 USt-ID: [&hellip;]<\/p>\n","protected":false},"author":1,"featured_media":0,"parent":0,"menu_order":0,"comment_status":"closed","ping_status":"closed","template":"","meta":{"inline_featured_image":false,"footnotes":""},"class_list":["post-2679","page","type-page","status-publish","hentry"],"_links":{"self":[{"href":"https:\/\/voya-hotel.com\/nl\/wp-json\/wp\/v2\/pages\/2679","targetHints":{"allow":["GET"]}}],"collection":[{"href":"https:\/\/voya-hotel.com\/nl\/wp-json\/wp\/v2\/pages"}],"about":[{"href":"https:\/\/voya-hotel.com\/nl\/wp-json\/wp\/v2\/types\/page"}],"author":[{"embeddable":true,"href":"https:\/\/voya-hotel.com\/nl\/wp-json\/wp\/v2\/users\/1"}],"replies":[{"embeddable":true,"href":"https:\/\/voya-hotel.com\/nl\/wp-json\/wp\/v2\/comments?post=2679"}],"version-history":[{"count":19,"href":"https:\/\/voya-hotel.com\/nl\/wp-json\/wp\/v2\/pages\/2679\/revisions"}],"predecessor-version":[{"id":3030,"href":"https:\/\/voya-hotel.com\/nl\/wp-json\/wp\/v2\/pages\/2679\/revisions\/3030"}],"wp:attachment":[{"href":"https:\/\/voya-hotel.com\/nl\/wp-json\/wp\/v2\/media?parent=2679"}],"curies":[{"name":"wp","href":"https:\/\/api.w.org\/{rel}","templated":true}]}}